{"id":132,"date":"2022-12-31T17:35:17","date_gmt":"2022-12-31T17:35:17","guid":{"rendered":"https:\/\/bperfect.createweb.ma\/?post_type=product&#038;p=132"},"modified":"2022-12-31T17:35:17","modified_gmt":"2022-12-31T17:35:17","slug":"honey-jar-230-g","status":"publish","type":"product","link":"https:\/\/bperfect.createweb.ma\/index.php\/produit\/honey-jar-230-g\/","title":{"rendered":"Honey Jar 230 g."},"content":{"rendered":"<p>Apportez de la joie avec ce pot rempli de d\u00e9licieux miel de France. Fabriqu\u00e9 en verre de haute qualit\u00e9 et de mani\u00e8re artisanale, c&rsquo;est le cadeau parfait pour toute occasion.<\/p>\n","protected":false},"excerpt":{"rendered":"<p>Apportez de la joie avec ce pot rempli de d\u00e9licieux miel de France. Fabriqu\u00e9 en verre de haute qualit\u00e9 et de mani\u00e8re artisanale, c&rsquo;est le cadeau parfait pour toute occasion.<\/p>\n","protected":false},"featured_media":133,"comment_status":"open","ping_status":"closed","template":"","meta":[],"product_cat":[20],"product_tag":[21],"class_list":["post-132","product","type-product","status-publish","has-post-thumbnail","hentry","product_cat-honey-jar","product_tag-honey-jar"],"_links":{"self":[{"href":"https:\/\/bperfect.createweb.ma\/index.php\/wp-json\/wp\/v2\/product\/132","targetHints":{"allow":["GET"]}}],"collection":[{"href":"https:\/\/bperfect.createweb.ma\/index.php\/wp-json\/wp\/v2\/product"}],"about":[{"href":"https:\/\/bperfect.createweb.ma\/index.php\/wp-json\/wp\/v2\/types\/product"}],"replies":[{"embeddable":true,"href":"https:\/\/bperfect.createweb.ma\/index.php\/wp-json\/wp\/v2\/comments?post=132"}],"wp:featuredmedia":[{"embeddable":true,"href":"https:\/\/bperfect.createweb.ma\/index.php\/wp-json\/wp\/v2\/media\/133"}],"wp:attachment":[{"href":"https:\/\/bperfect.createweb.ma\/index.php\/wp-json\/wp\/v2\/media?parent=132"}],"wp:term":[{"taxonomy":"product_cat","embeddable":true,"href":"https:\/\/bperfect.createweb.ma\/index.php\/wp-json\/wp\/v2\/product_cat?post=132"},{"taxonomy":"product_tag","embeddable":true,"href":"https:\/\/bperfect.createweb.ma\/index.php\/wp-json\/wp\/v2\/product_tag?post=132"}],"curies":[{"name":"wp","href":"https:\/\/api.w.org\/{rel}","templated":true}]}}