{"id":280,"date":"2022-12-31T22:40:33","date_gmt":"2022-12-31T22:40:33","guid":{"rendered":"https:\/\/bperfect.createweb.ma\/?post_type=product&#038;p=280"},"modified":"2022-12-31T22:42:03","modified_gmt":"2022-12-31T22:42:03","slug":"honey-jar-gift-1-kg","status":"publish","type":"product","link":"https:\/\/bperfect.createweb.ma\/index.php\/produit\/honey-jar-gift-1-kg\/","title":{"rendered":"Honey Jar Gift 1 Kg."},"content":{"rendered":"<p>Ce miel de qualit\u00e9 est excellent pour le th\u00e9 et le caf\u00e9, dans la p\u00e2tisserie et la cuisine. Il constitue \u00e9galement un excellent ajout aux desserts, aux sauces pour p\u00e2tes et aux vinaigrettes.<\/p>\n","protected":false},"excerpt":{"rendered":"<p>Ce miel de qualit\u00e9 est excellent pour le th\u00e9 et le caf\u00e9, dans la p\u00e2tisserie et la cuisine. Il constitue \u00e9galement un excellent ajout aux desserts, aux sauces pour p\u00e2tes et aux vinaigrettes.<\/p>\n","protected":false},"featured_media":285,"comment_status":"open","ping_status":"closed","template":"","meta":[],"product_cat":[20],"product_tag":[21],"class_list":["post-280","product","type-product","status-publish","has-post-thumbnail","hentry","product_cat-honey-jar","product_tag-honey-jar"],"_links":{"self":[{"href":"https:\/\/bperfect.createweb.ma\/index.php\/wp-json\/wp\/v2\/product\/280","targetHints":{"allow":["GET"]}}],"collection":[{"href":"https:\/\/bperfect.createweb.ma\/index.php\/wp-json\/wp\/v2\/product"}],"about":[{"href":"https:\/\/bperfect.createweb.ma\/index.php\/wp-json\/wp\/v2\/types\/product"}],"replies":[{"embeddable":true,"href":"https:\/\/bperfect.createweb.ma\/index.php\/wp-json\/wp\/v2\/comments?post=280"}],"wp:featuredmedia":[{"embeddable":true,"href":"https:\/\/bperfect.createweb.ma\/index.php\/wp-json\/wp\/v2\/media\/285"}],"wp:attachment":[{"href":"https:\/\/bperfect.createweb.ma\/index.php\/wp-json\/wp\/v2\/media?parent=280"}],"wp:term":[{"taxonomy":"product_cat","embeddable":true,"href":"https:\/\/bperfect.createweb.ma\/index.php\/wp-json\/wp\/v2\/product_cat?post=280"},{"taxonomy":"product_tag","embeddable":true,"href":"https:\/\/bperfect.createweb.ma\/index.php\/wp-json\/wp\/v2\/product_tag?post=280"}],"curies":[{"name":"wp","href":"https:\/\/api.w.org\/{rel}","templated":true}]}}